{"id":3,"date":"2022-12-14T14:23:59","date_gmt":"2022-12-14T13:23:59","guid":{"rendered":"https:\/\/castleresidencebalaton.hu\/?page_id=3"},"modified":"2024-02-22T11:13:58","modified_gmt":"2024-02-22T10:13:58","slug":"adatkezelesi-tajekoztato","status":"publish","type":"page","link":"https:\/\/castleresidencebalaton.hu\/en\/adatkezelesi-tajekoztato\/","title":{"rendered":"Adatkezel\u00e9si t\u00e1j\u00e1koztat\u00f3"},"content":{"rendered":"<div data-elementor-type=\"wp-page\" data-elementor-id=\"3\" class=\"elementor elementor-3\" data-elementor-post-type=\"page\">\n\t\t\t\t\t\t<section class=\"elementor-section elementor-top-section elementor-element elementor-element-837caef elementor-section-height-min-height elementor-section-boxed elementor-section-height-default elementor-section-items-middle\" data-id=\"837caef\" data-element_type=\"section\" data-settings=\"{&quot;background_background&quot;:&quot;classic&quot;}\">\n\t\t\t\t\t\t<div class=\"elementor-container elementor-column-gap-default\">\n\t\t\t\t\t<div class=\"elementor-column elementor-col-100 elementor-top-column elementor-element elementor-element-7150e51\" data-id=\"7150e51\" data-element_type=\"column\">\n\t\t\t<div class=\"elementor-widget-wrap elementor-element-populated\">\n\t\t\t\t\t\t<div class=\"elementor-element elementor-element-acfc92a elementor-widget elementor-widget-heading\" data-id=\"acfc92a\" data-element_type=\"widget\" data-widget_type=\"heading.default\">\n\t\t\t\t<div class=\"elementor-widget-container\">\n\t\t\t<style>\/*! elementor - v3.19.0 - 29-01-2024 *\/\n.elementor-heading-title{padding:0;margin:0;line-height:1}.elementor-widget-heading .elementor-heading-title[class*=elementor-size-]>a{color:inherit;font-size:inherit;line-height:inherit}.elementor-widget-heading .elementor-heading-title.elementor-size-small{font-size:15px}.elementor-widget-heading .elementor-heading-title.elementor-size-medium{font-size:19px}.elementor-widget-heading .elementor-heading-title.elementor-size-large{font-size:29px}.elementor-widget-heading .elementor-heading-title.elementor-size-xl{font-size:39px}.elementor-widget-heading .elementor-heading-title.elementor-size-xxl{font-size:59px}<\/style><h2 class=\"elementor-heading-title elementor-size-default\">Privacy Policy<\/h2>\t\t<\/div>\n\t\t\t\t<\/div>\n\t\t\t\t\t<\/div>\n\t\t<\/div>\n\t\t\t\t\t<\/div>\n\t\t<\/section>\n\t\t\t\t<section class=\"elementor-section elementor-top-section elementor-element elementor-element-5991d79b elementor-section-boxed elementor-section-height-default elementor-section-height-default\" data-id=\"5991d79b\" data-element_type=\"section\">\n\t\t\t\t\t\t<div class=\"elementor-container elementor-column-gap-default\">\n\t\t\t\t\t<div class=\"elementor-column elementor-col-100 elementor-top-column elementor-element elementor-element-52e34d66\" data-id=\"52e34d66\" data-element_type=\"column\">\n\t\t\t<div class=\"elementor-widget-wrap elementor-element-populated\">\n\t\t\t\t\t\t<div class=\"elementor-element elementor-element-7fe4468c elementor-widget elementor-widget-text-editor\" data-id=\"7fe4468c\" data-element_type=\"widget\" data-widget_type=\"text-editor.default\">\n\t\t\t\t<div class=\"elementor-widget-container\">\n\t\t\t<style>\/*! elementor - v3.19.0 - 29-01-2024 *\/\n.elementor-widget-text-editor.elementor-drop-cap-view-stacked .elementor-drop-cap{background-color:#69727d;color:#fff}.elementor-widget-text-editor.elementor-drop-cap-view-framed .elementor-drop-cap{color:#69727d;border:3px solid;background-color:transparent}.elementor-widget-text-editor:not(.elementor-drop-cap-view-default) .elementor-drop-cap{margin-top:8px}.elementor-widget-text-editor:not(.elementor-drop-cap-view-default) .elementor-drop-cap-letter{width:1em;height:1em}.elementor-widget-text-editor .elementor-drop-cap{float:left;text-align:center;line-height:1;font-size:50px}.elementor-widget-text-editor .elementor-drop-cap-letter{display:inline-block}<\/style>\t\t\t\t<p><!-- wp:heading --><\/p>\n<h4><strong>Who are we<\/strong><\/h4>\n<p><!-- \/wp:heading --><\/p>\n<p><!-- wp:paragraph --><\/p>\n<p>A weboldalunk c\u00edme: https:\/\/castleresidencebalaton.hu.<\/p>\n<p><!-- \/wp:paragraph --><\/p>\n<p><!-- wp:heading --><\/p>\n<h4><strong>Hozz\u00e1sz\u00f3l\u00e1sok<\/strong><\/h4>\n<p><!-- \/wp:heading --><\/p>\n<p><!-- wp:paragraph --><\/p>\n<p>When submitting a comment, the commenter's IP address and browser identification string are collected in addition to those specified in the comment form in order to filter out unsolicited content.<span style=\"font-style: inherit; font-weight: inherit; background-color: var(--ast-global-color-4);\">A depersonalized character string generated from the e-mail address (usually called a hash) is transmitted to the Gravatar service if it is used on the site. The terms of the Gravatar service can be viewed at the following address: https:\/\/automattic.com\/privacy\/. After the comment is accepted, the content of our comment and our profile picture will be publicly displayed.<\/span><\/p>\n<p><!-- \/wp:paragraph --><\/p>\n<p><!-- wp:heading --><\/p>\n<h4><strong>Media<\/strong><\/h4>\n<p><!-- \/wp:heading --><\/p>\n<p><!-- wp:paragraph --><\/p>\n<p>If an image is uploaded to the website by a registered user, EXIFs that include GPS position data should be avoided. Website visitors can download these and extract location data from the images on the website.<\/p>\n<p><!-- \/wp:paragraph --><\/p>\n<p><!-- wp:heading --><\/p>\n<h4><strong>Cookie<\/strong><\/h4>\n<p><!-- \/wp:heading --><\/p>\n<p><!-- wp:paragraph --><\/p>\n<p>If you write a comment on the website, the given name, e-mail address and website address are stored in cookies. The storage is for convenience purposes, so you don't have to fill in these fields the next time you post. The expiration date of cookies is one year.<\/p>\n<p><!-- \/wp:paragraph --><\/p>\n<p><!-- wp:paragraph --><\/p>\n<p>When you visit the login page, we set temporary cookies in order to determine whether your browser accepts cookies. These cookies do not contain personal information and are deleted when you close your browser.<\/p>\n<p><!-- \/wp:paragraph --><\/p>\n<p><!-- wp:paragraph --><\/p>\n<p>When you log in to the website, we create several cookies that save the login information and the display options of the editing interface. Login cookies are valid for two days, and cookies storing the display options of the editing interface are valid for one year. If the \"Remember me\" option is selected, the registration will continue for two weeks. Login cookies are removed when you log out.<\/p>\n<p><!-- \/wp:paragraph --><\/p>\n<p><!-- wp:paragraph --><\/p>\n<p>If we edit a post or page, our browser stores another cookie. This cookie does not contain any personal data, it simply stores the ID number of the post that we have edited. It will expire in one day.<\/p>\n<p><!-- \/wp:paragraph --><\/p>\n<p><!-- wp:heading --><\/p>\n<h4><strong>Embedded content from other websites<\/strong><\/h4>\n<p><!-- \/wp:heading --><\/p>\n<p><!-- wp:paragraph --><\/p>\n<p>Posts available on the website may use embedded content from external sources (e.g. videos, images, articles, etc.). Embedded content from an external source behaves exactly as if you had visited another website.<\/p>\n<p><!-- \/wp:paragraph --><\/p>\n<p><!-- wp:paragraph --><\/p>\n<p>These websites may collect information about visitors, use cookies or third-party tracking code, monitor user behavior related to embedded content if you have a user account and are logged in to the site.<\/p>\n<p><!-- \/wp:paragraph --><\/p>\n<p><!-- wp:heading --><\/p>\n<h4><strong>With whom we share user data<\/strong><\/h4>\n<p><!-- \/wp:heading --><\/p>\n<p><!-- wp:paragraph --><\/p>\n<p>If you request a password reset, the IP address will be included in the reset email.<\/p>\n<p><!-- \/wp:paragraph --><\/p>\n<p><!-- wp:heading --><\/p>\n<h4><strong>How long do we keep personal data?<\/strong><\/h4>\n<p><!-- \/wp:heading --><\/p>\n<p><!-- wp:paragraph --><\/p>\n<p>If we comment, the comment and its metadata will remain in the system for an unspecified period of time. The purpose of this is that all subsequent comments become known and approved by us, i.e. they do not appear on the list of comments to be moderated.<\/p>\n<p><!-- \/wp:paragraph --><\/p>\n<p><!-- wp:paragraph --><\/p>\n<p>The personal data of users registered on the website (if any) is also stored in their own user profile. All users can view, edit or delete their personal data at any time (except that they cannot change their own username). Website administrators can also view and edit this information.<\/p>\n<p><!-- \/wp:paragraph --><\/p>\n<p><!-- wp:heading --><\/p>\n<h4><strong>What rights does the user have in relation to his own data<\/strong><\/h4>\n<p><!-- \/wp:heading --><\/p>\n<p><!-- wp:paragraph --><\/p>\n<p>In case of a registered account or writing a comment on the website, it is possible to request the sending of personal data in an export file, which contains any data previously provided by the user. You can also request that we delete any previously provided personal data. This does not apply to data that we are required to retain for administrative, legal or security reasons.<\/p>\n<p><!-- \/wp:paragraph --><\/p>\n<p><!-- wp:heading --><\/p>\n<h4><strong>Where your data is sent<\/strong><\/h4>\n<p><!-- \/wp:heading --><\/p>\n<p><!-- wp:paragraph --><\/p>\n<p>Comments submitted by visitors can be checked by an automatic spam filtering service.<\/p>\n<h4>\u00a0<\/h4>\n<p><!-- \/wp:paragraph --><\/p>\t\t\t\t\t\t<\/div>\n\t\t\t\t<\/div>\n\t\t\t\t\t<\/div>\n\t\t<\/div>\n\t\t\t\t\t<\/div>\n\t\t<\/section>\n\t\t\t\t<\/div>","protected":false},"excerpt":{"rendered":"<p>Adatkezel\u00e9si t\u00e1j\u00e9koztat\u00f3 Kik vagyunk A weboldalunk c\u00edme: https:\/\/castleresidencebalaton.hu. Hozz\u00e1sz\u00f3l\u00e1sok Hozz\u00e1sz\u00f3l\u00e1s bek\u00fcld\u00e9sekor a hozz\u00e1sz\u00f3l\u00e1si \u0171rlapban megadottakon k\u00edv\u00fcl begy\u0171jt\u00e9sre ker\u00fcl a hozz\u00e1sz\u00f3l\u00f3 IP c\u00edme \u00e9s a b\u00f6ng\u00e9sz\u0151azonos\u00edt\u00f3 karakterl\u00e1nc a k\u00e9retlen tartalmak kisz\u0171r\u00e9se c\u00e9lj\u00e1b\u00f3l.Egy szem\u00e9lytelen\u00edtett, az e-mail c\u00edmb\u0151l el\u0151\u00e1ll\u00edtott karakterl\u00e1nc (hashnek szok\u00e1s nevezni) ker\u00fcl tov\u00e1bb\u00edt\u00e1sra a Gravatar szolg\u00e1ltat\u00e1s fel\u00e9, ha ez az oldalon haszn\u00e1latban van. A Gravatar szolg\u00e1ltat\u00e1s [&hellip;]<\/p>","protected":false},"author":1,"featured_media":6,"parent":0,"menu_order":0,"comment_status":"closed","ping_status":"closed","template":"","meta":{"site-sidebar-layout":"no-sidebar","site-content-layout":"page-builder","ast-site-content-layout":"","site-content-style":"default","site-sidebar-style":"default","ast-global-header-display":"","ast-banner-title-visibility":"","ast-main-header-display":"","ast-hfb-above-header-display":"","ast-hfb-below-header-display":"","ast-hfb-mobile-header-display":"","site-post-title":"","ast-breadcrumbs-content":"","ast-featured-img":"disabled","footer-sml-layout":"","theme-transparent-header-meta":"","adv-header-id-meta":"","stick-header-meta":"","header-above-stick-meta":"","header-main-stick-meta":"","header-below-stick-meta":"","astra-migrate-meta-layouts":"default","ast-page-background-enabled":"default","ast-page-background-meta":{"desktop":{"background-color":"","background-image":"","background-repeat":"repeat","background-position":"center center","background-size":"auto","background-attachment":"scroll","background-type":"","background-media":"","overlay-type":"","overlay-color":"","overlay-gradient":""},"tablet":{"background-color":"","background-image":"","background-repeat":"repeat","background-position":"center center","background-size":"auto","background-attachment":"scroll","background-type":"","background-media":"","overlay-type":"","overlay-color":"","overlay-gradient":""},"mobile":{"background-color":"","background-image":"","background-repeat":"repeat","background-position":"center center","background-size":"auto","background-attachment":"scroll","background-type":"","background-media":"","overlay-type":"","overlay-color":"","overlay-gradient":""}},"ast-content-background-meta":{"desktop":{"background-color":"var(--ast-global-color-5)","background-image":"","background-repeat":"repeat","background-position":"center center","background-size":"auto","background-attachment":"scroll","background-type":"","background-media":"","overlay-type":"","overlay-color":"","overlay-gradient":""},"tablet":{"background-color":"var(--ast-global-color-5)","background-image":"","background-repeat":"repeat","background-position":"center center","background-size":"auto","background-attachment":"scroll","background-type":"","background-media":"","overlay-type":"","overlay-color":"","overlay-gradient":""},"mobile":{"background-color":"var(--ast-global-color-5)","background-image":"","background-repeat":"repeat","background-position":"center center","background-size":"auto","background-attachment":"scroll","background-type":"","background-media":"","overlay-type":"","overlay-color":"","overlay-gradient":""}},"footnotes":""},"yoast_head":"<!-- This site is optimized with the Yoast SEO plugin v21.8.1 - https:\/\/yoast.com\/wordpress\/plugins\/seo\/ -->\n<title>Adatkezel\u00e9si t\u00e1j\u00e1koztat\u00f3 - Castle Residence Balaton<\/title>\n<meta name=\"description\" content=\"Castle Residence Balaton, foglald le te is a sz\u00e1ll\u00e1sodat Balatonf\u00f6ldv\u00e1ron nyugodt csal\u00e1dias k\u00f6rnyezetben pihenhetsz csal\u00e1doddal, bar\u00e1taiddal.\" \/>\n<meta name=\"robots\" content=\"index, follow, max-snippet:-1, max-image-preview:large, max-video-preview:-1\" \/>\n<link rel=\"canonical\" href=\"https:\/\/castleresidencebalaton.hu\/en\/adatkezelesi-tajekoztato\/\" \/>\n<meta property=\"og:locale\" content=\"en_GB\" \/>\n<meta property=\"og:type\" content=\"article\" \/>\n<meta property=\"og:title\" content=\"Adatkezel\u00e9si t\u00e1j\u00e1koztat\u00f3 - Castle Residence Balaton\" \/>\n<meta property=\"og:description\" content=\"Castle Residence Balaton, foglald le te is a sz\u00e1ll\u00e1sodat Balatonf\u00f6ldv\u00e1ron nyugodt csal\u00e1dias k\u00f6rnyezetben pihenhetsz csal\u00e1doddal, bar\u00e1taiddal.\" \/>\n<meta property=\"og:url\" content=\"https:\/\/castleresidencebalaton.hu\/en\/adatkezelesi-tajekoztato\/\" \/>\n<meta property=\"og:site_name\" content=\"Castle Residence Balaton\" \/>\n<meta property=\"article:publisher\" content=\"https:\/\/www.facebook.com\/profile.php?id=100070423646062\" \/>\n<meta property=\"article:modified_time\" content=\"2024-02-22T10:13:58+00:00\" \/>\n<meta property=\"og:image\" content=\"https:\/\/castleresidencebalaton.hu\/wp-content\/uploads\/2022\/12\/castle-residence-balaton_mini.png\" \/>\n\t<meta property=\"og:image:width\" content=\"622\" \/>\n\t<meta property=\"og:image:height\" content=\"623\" \/>\n\t<meta property=\"og:image:type\" content=\"image\/png\" \/>\n<meta name=\"twitter:card\" content=\"summary_large_image\" \/>\n<meta name=\"twitter:label1\" content=\"Estimated reading time\" \/>\n\t<meta name=\"twitter:data1\" content=\"3 minutes\" \/>\n<script type=\"application\/ld+json\" class=\"yoast-schema-graph\">{\"@context\":\"https:\/\/schema.org\",\"@graph\":[{\"@type\":\"WebPage\",\"@id\":\"https:\/\/castleresidencebalaton.hu\/adatkezelesi-tajekoztato\/\",\"url\":\"https:\/\/castleresidencebalaton.hu\/adatkezelesi-tajekoztato\/\",\"name\":\"Adatkezel\u00e9si t\u00e1j\u00e1koztat\u00f3 - Castle Residence Balaton\",\"isPartOf\":{\"@id\":\"https:\/\/castleresidencebalaton.hu\/#website\"},\"datePublished\":\"2022-12-14T13:23:59+00:00\",\"dateModified\":\"2024-02-22T10:13:58+00:00\",\"description\":\"Castle Residence Balaton, foglald le te is a sz\u00e1ll\u00e1sodat Balatonf\u00f6ldv\u00e1ron nyugodt csal\u00e1dias k\u00f6rnyezetben pihenhetsz csal\u00e1doddal, bar\u00e1taiddal.\",\"breadcrumb\":{\"@id\":\"https:\/\/castleresidencebalaton.hu\/adatkezelesi-tajekoztato\/#breadcrumb\"},\"inLanguage\":\"en-GB\",\"potentialAction\":[{\"@type\":\"ReadAction\",\"target\":[\"https:\/\/castleresidencebalaton.hu\/adatkezelesi-tajekoztato\/\"]}]},{\"@type\":\"BreadcrumbList\",\"@id\":\"https:\/\/castleresidencebalaton.hu\/adatkezelesi-tajekoztato\/#breadcrumb\",\"itemListElement\":[{\"@type\":\"ListItem\",\"position\":1,\"name\":\"Kezd\u0151lap\",\"item\":\"https:\/\/castleresidencebalaton.hu\/\"},{\"@type\":\"ListItem\",\"position\":2,\"name\":\"Adatkezel\u00e9si t\u00e1j\u00e1koztat\u00f3\"}]},{\"@type\":\"WebSite\",\"@id\":\"https:\/\/castleresidencebalaton.hu\/#website\",\"url\":\"https:\/\/castleresidencebalaton.hu\/\",\"name\":\"Castle Residence Balaton\",\"description\":\"Panzi\u00f3 b\u00e9rl\u00e9s a Balatonn\u00e1l\",\"publisher\":{\"@id\":\"https:\/\/castleresidencebalaton.hu\/#organization\"},\"alternateName\":\"Balaton Panzi\u00f3 foglal\u00e1s\",\"potentialAction\":[{\"@type\":\"SearchAction\",\"target\":{\"@type\":\"EntryPoint\",\"urlTemplate\":\"https:\/\/castleresidencebalaton.hu\/?s={search_term_string}\"},\"query-input\":\"required name=search_term_string\"}],\"inLanguage\":\"en-GB\"},{\"@type\":\"Organization\",\"@id\":\"https:\/\/castleresidencebalaton.hu\/#organization\",\"name\":\"Castle Residence Balaton\",\"alternateName\":\"Balaton Panzi\u00f3 foglal\u00e1s\",\"url\":\"https:\/\/castleresidencebalaton.hu\/\",\"logo\":{\"@type\":\"ImageObject\",\"inLanguage\":\"en-GB\",\"@id\":\"https:\/\/castleresidencebalaton.hu\/#\/schema\/logo\/image\/\",\"url\":\"https:\/\/castleresidencebalaton.hu\/wp-content\/uploads\/2022\/12\/castle-residence-balaton_mini.png\",\"contentUrl\":\"https:\/\/castleresidencebalaton.hu\/wp-content\/uploads\/2022\/12\/castle-residence-balaton_mini.png\",\"width\":622,\"height\":623,\"caption\":\"Castle Residence Balaton\"},\"image\":{\"@id\":\"https:\/\/castleresidencebalaton.hu\/#\/schema\/logo\/image\/\"},\"sameAs\":[\"https:\/\/www.facebook.com\/profile.php?id=100070423646062\",\"https:\/\/www.instagram.com\/castleresidence\/?fbclid=IwAR2G5-3yDXiDVrzB7iZ8N0Rer5fUnEH2ADBj0oMXb9jbCbsZ5h55nK2N6KI\"]}]}<\/script>\n<!-- \/ Yoast SEO plugin. -->","yoast_head_json":{"title":"Adatkezel\u00e9si t\u00e1j\u00e1koztat\u00f3 - Castle Residence Balaton","description":"Castle Residence Balaton, foglald le te is a sz\u00e1ll\u00e1sodat Balatonf\u00f6ldv\u00e1ron nyugodt csal\u00e1dias k\u00f6rnyezetben pihenhetsz csal\u00e1doddal, bar\u00e1taiddal.","robots":{"index":"index","follow":"follow","max-snippet":"max-snippet:-1","max-image-preview":"max-image-preview:large","max-video-preview":"max-video-preview:-1"},"canonical":"https:\/\/castleresidencebalaton.hu\/en\/adatkezelesi-tajekoztato\/","og_locale":"en_GB","og_type":"article","og_title":"Adatkezel\u00e9si t\u00e1j\u00e1koztat\u00f3 - Castle Residence Balaton","og_description":"Castle Residence Balaton, foglald le te is a sz\u00e1ll\u00e1sodat Balatonf\u00f6ldv\u00e1ron nyugodt csal\u00e1dias k\u00f6rnyezetben pihenhetsz csal\u00e1doddal, bar\u00e1taiddal.","og_url":"https:\/\/castleresidencebalaton.hu\/en\/adatkezelesi-tajekoztato\/","og_site_name":"Castle Residence Balaton","article_publisher":"https:\/\/www.facebook.com\/profile.php?id=100070423646062","article_modified_time":"2024-02-22T10:13:58+00:00","og_image":[{"width":622,"height":623,"url":"https:\/\/castleresidencebalaton.hu\/wp-content\/uploads\/2022\/12\/castle-residence-balaton_mini.png","type":"image\/png"}],"twitter_card":"summary_large_image","twitter_misc":{"Estimated reading time":"3 minutes"},"schema":{"@context":"https:\/\/schema.org","@graph":[{"@type":"WebPage","@id":"https:\/\/castleresidencebalaton.hu\/adatkezelesi-tajekoztato\/","url":"https:\/\/castleresidencebalaton.hu\/adatkezelesi-tajekoztato\/","name":"Adatkezel\u00e9si t\u00e1j\u00e1koztat\u00f3 - Castle Residence Balaton","isPartOf":{"@id":"https:\/\/castleresidencebalaton.hu\/#website"},"datePublished":"2022-12-14T13:23:59+00:00","dateModified":"2024-02-22T10:13:58+00:00","description":"Castle Residence Balaton, foglald le te is a sz\u00e1ll\u00e1sodat Balatonf\u00f6ldv\u00e1ron nyugodt csal\u00e1dias k\u00f6rnyezetben pihenhetsz csal\u00e1doddal, bar\u00e1taiddal.","breadcrumb":{"@id":"https:\/\/castleresidencebalaton.hu\/adatkezelesi-tajekoztato\/#breadcrumb"},"inLanguage":"en-GB","potentialAction":[{"@type":"ReadAction","target":["https:\/\/castleresidencebalaton.hu\/adatkezelesi-tajekoztato\/"]}]},{"@type":"BreadcrumbList","@id":"https:\/\/castleresidencebalaton.hu\/adatkezelesi-tajekoztato\/#breadcrumb","itemListElement":[{"@type":"ListItem","position":1,"name":"Kezd\u0151lap","item":"https:\/\/castleresidencebalaton.hu\/"},{"@type":"ListItem","position":2,"name":"Adatkezel\u00e9si t\u00e1j\u00e1koztat\u00f3"}]},{"@type":"WebSite","@id":"https:\/\/castleresidencebalaton.hu\/#website","url":"https:\/\/castleresidencebalaton.hu\/","name":"Castle Residence Balaton","description":"Panzi\u00f3 b\u00e9rl\u00e9s a Balatonn\u00e1l","publisher":{"@id":"https:\/\/castleresidencebalaton.hu\/#organization"},"alternateName":"Balaton Panzi\u00f3 foglal\u00e1s","potentialAction":[{"@type":"SearchAction","target":{"@type":"EntryPoint","urlTemplate":"https:\/\/castleresidencebalaton.hu\/?s={search_term_string}"},"query-input":"required name=search_term_string"}],"inLanguage":"en-GB"},{"@type":"Organization","@id":"https:\/\/castleresidencebalaton.hu\/#organization","name":"Castle Residence Balaton","alternateName":"Balaton Panzi\u00f3 foglal\u00e1s","url":"https:\/\/castleresidencebalaton.hu\/","logo":{"@type":"ImageObject","inLanguage":"en-GB","@id":"https:\/\/castleresidencebalaton.hu\/#\/schema\/logo\/image\/","url":"https:\/\/castleresidencebalaton.hu\/wp-content\/uploads\/2022\/12\/castle-residence-balaton_mini.png","contentUrl":"https:\/\/castleresidencebalaton.hu\/wp-content\/uploads\/2022\/12\/castle-residence-balaton_mini.png","width":622,"height":623,"caption":"Castle Residence Balaton"},"image":{"@id":"https:\/\/castleresidencebalaton.hu\/#\/schema\/logo\/image\/"},"sameAs":["https:\/\/www.facebook.com\/profile.php?id=100070423646062","https:\/\/www.instagram.com\/castleresidence\/?fbclid=IwAR2G5-3yDXiDVrzB7iZ8N0Rer5fUnEH2ADBj0oMXb9jbCbsZ5h55nK2N6KI"]}]}},"_links":{"self":[{"href":"https:\/\/castleresidencebalaton.hu\/en\/wp-json\/wp\/v2\/pages\/3"}],"collection":[{"href":"https:\/\/castleresidencebalaton.hu\/en\/wp-json\/wp\/v2\/pages"}],"about":[{"href":"https:\/\/castleresidencebalaton.hu\/en\/wp-json\/wp\/v2\/types\/page"}],"author":[{"embeddable":true,"href":"https:\/\/castleresidencebalaton.hu\/en\/wp-json\/wp\/v2\/users\/1"}],"replies":[{"embeddable":true,"href":"https:\/\/castleresidencebalaton.hu\/en\/wp-json\/wp\/v2\/comments?post=3"}],"version-history":[{"count":15,"href":"https:\/\/castleresidencebalaton.hu\/en\/wp-json\/wp\/v2\/pages\/3\/revisions"}],"predecessor-version":[{"id":1820,"href":"https:\/\/castleresidencebalaton.hu\/en\/wp-json\/wp\/v2\/pages\/3\/revisions\/1820"}],"wp:featuredmedia":[{"embeddable":true,"href":"https:\/\/castleresidencebalaton.hu\/en\/wp-json\/wp\/v2\/media\/6"}],"wp:attachment":[{"href":"https:\/\/castleresidencebalaton.hu\/en\/wp-json\/wp\/v2\/media?parent=3"}],"curies":[{"name":"wp","href":"https:\/\/api.w.org\/{rel}","templated":true}]}}