{"id":1289,"date":"2023-01-19T11:35:52","date_gmt":"2023-01-19T10:35:52","guid":{"rendered":"https:\/\/castleresidencebalaton.hu\/?page_id=1289"},"modified":"2025-01-13T08:48:53","modified_gmt":"2025-01-13T07:48:53","slug":"foglalas","status":"publish","type":"page","link":"https:\/\/castleresidencebalaton.hu\/en\/foglalas\/","title":{"rendered":"Reservation"},"content":{"rendered":"<div data-elementor-type=\"wp-page\" data-elementor-id=\"1289\" class=\"elementor elementor-1289\" data-elementor-post-type=\"page\">\n\t\t\t\t\t\t<section class=\"elementor-section elementor-top-section elementor-element elementor-element-e606960 elementor-section-full_width elementor-section-height-default elementor-section-height-default\" data-id=\"e606960\" data-element_type=\"section\" data-settings=\"{&quot;background_background&quot;:&quot;classic&quot;}\">\n\t\t\t\t\t\t<div class=\"elementor-container elementor-column-gap-default\">\n\t\t\t\t\t<div class=\"elementor-column elementor-col-100 elementor-top-column elementor-element elementor-element-64c186f\" data-id=\"64c186f\" data-element_type=\"column\">\n\t\t\t<div class=\"elementor-widget-wrap elementor-element-populated\">\n\t\t\t\t\t\t<div class=\"elementor-element elementor-element-55e516b elementor-widget elementor-widget-spacer\" data-id=\"55e516b\" data-element_type=\"widget\" data-widget_type=\"spacer.default\">\n\t\t\t\t<div class=\"elementor-widget-container\">\n\t\t\t<style>\/*! elementor - v3.19.0 - 29-01-2024 *\/\n.elementor-column .elementor-spacer-inner{height:var(--spacer-size)}.e-con{--container-widget-width:100%}.e-con-inner>.elementor-widget-spacer,.e-con>.elementor-widget-spacer{width:var(--container-widget-width,var(--spacer-size));--align-self:var(--container-widget-align-self,initial);--flex-shrink:0}.e-con-inner>.elementor-widget-spacer>.elementor-widget-container,.e-con>.elementor-widget-spacer>.elementor-widget-container{height:100%;width:100%}.e-con-inner>.elementor-widget-spacer>.elementor-widget-container>.elementor-spacer,.e-con>.elementor-widget-spacer>.elementor-widget-container>.elementor-spacer{height:100%}.e-con-inner>.elementor-widget-spacer>.elementor-widget-container>.elementor-spacer>.elementor-spacer-inner,.e-con>.elementor-widget-spacer>.elementor-widget-container>.elementor-spacer>.elementor-spacer-inner{height:var(--container-widget-height,var(--spacer-size))}.e-con-inner>.elementor-widget-spacer.elementor-widget-empty,.e-con>.elementor-widget-spacer.elementor-widget-empty{position:relative;min-height:22px;min-width:22px}.e-con-inner>.elementor-widget-spacer.elementor-widget-empty .elementor-widget-empty-icon,.e-con>.elementor-widget-spacer.elementor-widget-empty .elementor-widget-empty-icon{position:absolute;top:0;bottom:0;left:0;right:0;margin:auto;padding:0;width:22px;height:22px}<\/style>\t\t<div class=\"elementor-spacer\">\n\t\t\t<div class=\"elementor-spacer-inner\"><\/div>\n\t\t<\/div>\n\t\t\t\t<\/div>\n\t\t\t\t<\/div>\n\t\t\t\t<div class=\"elementor-element elementor-element-7327c61 elementor-widget elementor-widget-heading\" data-id=\"7327c61\" data-element_type=\"widget\" data-widget_type=\"heading.default\">\n\t\t\t\t<div class=\"elementor-widget-container\">\n\t\t\t<style>\/*! elementor - v3.19.0 - 29-01-2024 *\/\n.elementor-heading-title{padding:0;margin:0;line-height:1}.elementor-widget-heading .elementor-heading-title[class*=elementor-size-]>a{color:inherit;font-size:inherit;line-height:inherit}.elementor-widget-heading .elementor-heading-title.elementor-size-small{font-size:15px}.elementor-widget-heading .elementor-heading-title.elementor-size-medium{font-size:19px}.elementor-widget-heading .elementor-heading-title.elementor-size-large{font-size:29px}.elementor-widget-heading .elementor-heading-title.elementor-size-xl{font-size:39px}.elementor-widget-heading .elementor-heading-title.elementor-size-xxl{font-size:59px}<\/style><h2 class=\"elementor-heading-title elementor-size-default\"><a href=\"https:\/\/www.digithotel.eu\/booking\/index.php?db=castle&#038;kod=3fdaba\">A sz\u00e1ll\u00e1shely nem foglalhat\u00f3<\/a><\/h2>\t\t<\/div>\n\t\t\t\t<\/div>\n\t\t\t\t<div class=\"elementor-element elementor-element-ae3c373 elementor-widget elementor-widget-text-editor\" data-id=\"ae3c373\" data-element_type=\"widget\" data-widget_type=\"text-editor.default\">\n\t\t\t\t<div class=\"elementor-widget-container\">\n\t\t\t<style>\/*! elementor - v3.19.0 - 29-01-2024 *\/\n.elementor-widget-text-editor.elementor-drop-cap-view-stacked .elementor-drop-cap{background-color:#69727d;color:#fff}.elementor-widget-text-editor.elementor-drop-cap-view-framed .elementor-drop-cap{color:#69727d;border:3px solid;background-color:transparent}.elementor-widget-text-editor:not(.elementor-drop-cap-view-default) .elementor-drop-cap{margin-top:8px}.elementor-widget-text-editor:not(.elementor-drop-cap-view-default) .elementor-drop-cap-letter{width:1em;height:1em}.elementor-widget-text-editor .elementor-drop-cap{float:left;text-align:center;line-height:1;font-size:50px}.elementor-widget-text-editor .elementor-drop-cap-letter{display:inline-block}<\/style>\t\t\t\t<p>* eg\u00e9sz sz\u00e1ll\u00e1shely foglal\u00e1sa eset\u00e9n egyedi aj\u00e1nlatunkat <a href=\"https:\/\/castleresidencebalaton.hu\/en\/#bookings\">el\u00e9rhet\u0151s\u00e9geinken<\/a><\/p>\t\t\t\t\t\t<\/div>\n\t\t\t\t<\/div>\n\t\t\t\t<div class=\"elementor-element elementor-element-a6d7f60 elementor-widget elementor-widget-spacer\" data-id=\"a6d7f60\" data-element_type=\"widget\" data-widget_type=\"spacer.default\">\n\t\t\t\t<div class=\"elementor-widget-container\">\n\t\t\t\t\t<div class=\"elementor-spacer\">\n\t\t\t<div class=\"elementor-spacer-inner\"><\/div>\n\t\t<\/div>\n\t\t\t\t<\/div>\n\t\t\t\t<\/div>\n\t\t\t\t\t<\/div>\n\t\t<\/div>\n\t\t\t\t\t<\/div>\n\t\t<\/section>\n\t\t\t\t<\/div>","protected":false},"excerpt":{"rendered":"<p>A sz\u00e1ll\u00e1shely nem foglalhat\u00f3 * eg\u00e9sz sz\u00e1ll\u00e1shely foglal\u00e1sa eset\u00e9n egyedi aj\u00e1nlatunkat el\u00e9rhet\u0151s\u00e9geinken<\/p>","protected":false},"author":1,"featured_media":6,"parent":0,"menu_order":0,"comment_status":"closed","ping_status":"closed","template":"","meta":{"site-sidebar-layout":"no-sidebar","site-content-layout":"page-builder","ast-site-content-layout":"","site-content-style":"default","site-sidebar-style":"default","ast-global-header-display":"","ast-banner-title-visibility":"","ast-main-header-display":"","ast-hfb-above-header-display":"","ast-hfb-below-header-display":"","ast-hfb-mobile-header-display":"","site-post-title":"disabled","ast-breadcrumbs-content":"","ast-featured-img":"disabled","footer-sml-layout":"","theme-transparent-header-meta":"","adv-header-id-meta":"","stick-header-meta":"","header-above-stick-meta":"","header-main-stick-meta":"","header-below-stick-meta":"","astra-migrate-meta-layouts":"default","ast-page-background-enabled":"default","ast-page-background-meta":{"desktop":{"background-color":"","background-image":"","background-repeat":"repeat","background-position":"center center","background-size":"auto","background-attachment":"scroll","background-type":"","background-media":"","overlay-type":"","overlay-color":"","overlay-gradient":""},"tablet":{"background-color":"","background-image":"","background-repeat":"repeat","background-position":"center center","background-size":"auto","background-attachment":"scroll","background-type":"","background-media":"","overlay-type":"","overlay-color":"","overlay-gradient":""},"mobile":{"background-color":"","background-image":"","background-repeat":"repeat","background-position":"center center","background-size":"auto","background-attachment":"scroll","background-type":"","background-media":"","overlay-type":"","overlay-color":"","overlay-gradient":""}},"ast-content-background-meta":{"desktop":{"background-color":"var(--ast-global-color-5)","background-image":"","background-repeat":"repeat","background-position":"center center","background-size":"auto","background-attachment":"scroll","background-type":"","background-media":"","overlay-type":"","overlay-color":"","overlay-gradient":""},"tablet":{"background-color":"var(--ast-global-color-5)","background-image":"","background-repeat":"repeat","background-position":"center center","background-size":"auto","background-attachment":"scroll","background-type":"","background-media":"","overlay-type":"","overlay-color":"","overlay-gradient":""},"mobile":{"background-color":"var(--ast-global-color-5)","background-image":"","background-repeat":"repeat","background-position":"center center","background-size":"auto","background-attachment":"scroll","background-type":"","background-media":"","overlay-type":"","overlay-color":"","overlay-gradient":""}},"footnotes":""},"yoast_head":"<!-- This site is optimized with the Yoast SEO plugin v21.8.1 - https:\/\/yoast.com\/wordpress\/plugins\/seo\/ -->\n<title>Foglal\u00e1s - Castle Residence Balaton<\/title>\n<meta name=\"description\" content=\"Castle Residence Balaton, foglald le te is a sz\u00e1ll\u00e1sodat Balatonf\u00f6ldv\u00e1ron nyugodt csal\u00e1dias k\u00f6rnyezetben pihenhetsz csal\u00e1doddal, bar\u00e1taiddal.\" \/>\n<meta name=\"robots\" content=\"index, follow, max-snippet:-1, max-image-preview:large, max-video-preview:-1\" \/>\n<link rel=\"canonical\" href=\"https:\/\/castleresidencebalaton.hu\/en\/foglalas\/\" \/>\n<meta property=\"og:locale\" content=\"en_GB\" \/>\n<meta property=\"og:type\" content=\"article\" \/>\n<meta property=\"og:title\" content=\"Foglalt\u00e1s\u00e1gi napt\u00e9r CRB Panzi\u00f3\" \/>\n<meta property=\"og:description\" content=\"Castle Residence Balaton, foglald le te is a sz\u00e1ll\u00e1sodat Balatonf\u00f6ldv\u00e1ron nyugodt csal\u00e1dias k\u00f6rnyezetben pihenhetsz csal\u00e1doddal, bar\u00e1taiddal.\" \/>\n<meta property=\"og:url\" content=\"https:\/\/castleresidencebalaton.hu\/en\/foglalas\/\" \/>\n<meta property=\"og:site_name\" content=\"Castle Residence Balaton\" \/>\n<meta property=\"article:publisher\" content=\"https:\/\/www.facebook.com\/profile.php?id=100070423646062\" \/>\n<meta property=\"article:modified_time\" content=\"2025-01-13T07:48:53+00:00\" \/>\n<meta property=\"og:image\" content=\"https:\/\/castleresidencebalaton.hu\/wp-content\/uploads\/2022\/12\/castle-residence-balaton_mini.png\" \/>\n\t<meta property=\"og:image:width\" content=\"622\" \/>\n\t<meta property=\"og:image:height\" content=\"623\" \/>\n\t<meta property=\"og:image:type\" content=\"image\/png\" \/>\n<meta name=\"twitter:card\" content=\"summary_large_image\" \/>\n<meta name=\"twitter:label1\" content=\"Estimated reading time\" \/>\n\t<meta name=\"twitter:data1\" content=\"1 minute\" \/>\n<script type=\"application\/ld+json\" class=\"yoast-schema-graph\">{\"@context\":\"https:\/\/schema.org\",\"@graph\":[{\"@type\":\"WebPage\",\"@id\":\"https:\/\/castleresidencebalaton.hu\/foglalas\/\",\"url\":\"https:\/\/castleresidencebalaton.hu\/foglalas\/\",\"name\":\"Foglal\u00e1s - Castle Residence Balaton\",\"isPartOf\":{\"@id\":\"https:\/\/castleresidencebalaton.hu\/#website\"},\"datePublished\":\"2023-01-19T10:35:52+00:00\",\"dateModified\":\"2025-01-13T07:48:53+00:00\",\"description\":\"Castle Residence Balaton, foglald le te is a sz\u00e1ll\u00e1sodat Balatonf\u00f6ldv\u00e1ron nyugodt csal\u00e1dias k\u00f6rnyezetben pihenhetsz csal\u00e1doddal, bar\u00e1taiddal.\",\"breadcrumb\":{\"@id\":\"https:\/\/castleresidencebalaton.hu\/foglalas\/#breadcrumb\"},\"inLanguage\":\"en-GB\",\"potentialAction\":[{\"@type\":\"ReadAction\",\"target\":[\"https:\/\/castleresidencebalaton.hu\/foglalas\/\"]}]},{\"@type\":\"BreadcrumbList\",\"@id\":\"https:\/\/castleresidencebalaton.hu\/foglalas\/#breadcrumb\",\"itemListElement\":[{\"@type\":\"ListItem\",\"position\":1,\"name\":\"Kezd\u0151lap\",\"item\":\"https:\/\/castleresidencebalaton.hu\/\"},{\"@type\":\"ListItem\",\"position\":2,\"name\":\"Foglal\u00e1s\"}]},{\"@type\":\"WebSite\",\"@id\":\"https:\/\/castleresidencebalaton.hu\/#website\",\"url\":\"https:\/\/castleresidencebalaton.hu\/\",\"name\":\"Castle Residence Balaton\",\"description\":\"Panzi\u00f3 b\u00e9rl\u00e9s a Balatonn\u00e1l\",\"publisher\":{\"@id\":\"https:\/\/castleresidencebalaton.hu\/#organization\"},\"alternateName\":\"Balaton Panzi\u00f3 foglal\u00e1s\",\"potentialAction\":[{\"@type\":\"SearchAction\",\"target\":{\"@type\":\"EntryPoint\",\"urlTemplate\":\"https:\/\/castleresidencebalaton.hu\/?s={search_term_string}\"},\"query-input\":\"required name=search_term_string\"}],\"inLanguage\":\"en-GB\"},{\"@type\":\"Organization\",\"@id\":\"https:\/\/castleresidencebalaton.hu\/#organization\",\"name\":\"Castle Residence Balaton\",\"alternateName\":\"Balaton Panzi\u00f3 foglal\u00e1s\",\"url\":\"https:\/\/castleresidencebalaton.hu\/\",\"logo\":{\"@type\":\"ImageObject\",\"inLanguage\":\"en-GB\",\"@id\":\"https:\/\/castleresidencebalaton.hu\/#\/schema\/logo\/image\/\",\"url\":\"https:\/\/castleresidencebalaton.hu\/wp-content\/uploads\/2022\/12\/castle-residence-balaton_mini.png\",\"contentUrl\":\"https:\/\/castleresidencebalaton.hu\/wp-content\/uploads\/2022\/12\/castle-residence-balaton_mini.png\",\"width\":622,\"height\":623,\"caption\":\"Castle Residence Balaton\"},\"image\":{\"@id\":\"https:\/\/castleresidencebalaton.hu\/#\/schema\/logo\/image\/\"},\"sameAs\":[\"https:\/\/www.facebook.com\/profile.php?id=100070423646062\",\"https:\/\/www.instagram.com\/castleresidence\/?fbclid=IwAR2G5-3yDXiDVrzB7iZ8N0Rer5fUnEH2ADBj0oMXb9jbCbsZ5h55nK2N6KI\"]}]}<\/script>\n<!-- \/ Yoast SEO plugin. -->","yoast_head_json":{"title":"Foglal\u00e1s - Castle Residence Balaton","description":"Castle Residence Balaton, foglald le te is a sz\u00e1ll\u00e1sodat Balatonf\u00f6ldv\u00e1ron nyugodt csal\u00e1dias k\u00f6rnyezetben pihenhetsz csal\u00e1doddal, bar\u00e1taiddal.","robots":{"index":"index","follow":"follow","max-snippet":"max-snippet:-1","max-image-preview":"max-image-preview:large","max-video-preview":"max-video-preview:-1"},"canonical":"https:\/\/castleresidencebalaton.hu\/en\/foglalas\/","og_locale":"en_GB","og_type":"article","og_title":"Foglalt\u00e1s\u00e1gi napt\u00e9r CRB Panzi\u00f3","og_description":"Castle Residence Balaton, foglald le te is a sz\u00e1ll\u00e1sodat Balatonf\u00f6ldv\u00e1ron nyugodt csal\u00e1dias k\u00f6rnyezetben pihenhetsz csal\u00e1doddal, bar\u00e1taiddal.","og_url":"https:\/\/castleresidencebalaton.hu\/en\/foglalas\/","og_site_name":"Castle Residence Balaton","article_publisher":"https:\/\/www.facebook.com\/profile.php?id=100070423646062","article_modified_time":"2025-01-13T07:48:53+00:00","og_image":[{"width":622,"height":623,"url":"https:\/\/castleresidencebalaton.hu\/wp-content\/uploads\/2022\/12\/castle-residence-balaton_mini.png","type":"image\/png"}],"twitter_card":"summary_large_image","twitter_misc":{"Estimated reading time":"1 minute"},"schema":{"@context":"https:\/\/schema.org","@graph":[{"@type":"WebPage","@id":"https:\/\/castleresidencebalaton.hu\/foglalas\/","url":"https:\/\/castleresidencebalaton.hu\/foglalas\/","name":"Foglal\u00e1s - Castle Residence Balaton","isPartOf":{"@id":"https:\/\/castleresidencebalaton.hu\/#website"},"datePublished":"2023-01-19T10:35:52+00:00","dateModified":"2025-01-13T07:48:53+00:00","description":"Castle Residence Balaton, foglald le te is a sz\u00e1ll\u00e1sodat Balatonf\u00f6ldv\u00e1ron nyugodt csal\u00e1dias k\u00f6rnyezetben pihenhetsz csal\u00e1doddal, bar\u00e1taiddal.","breadcrumb":{"@id":"https:\/\/castleresidencebalaton.hu\/foglalas\/#breadcrumb"},"inLanguage":"en-GB","potentialAction":[{"@type":"ReadAction","target":["https:\/\/castleresidencebalaton.hu\/foglalas\/"]}]},{"@type":"BreadcrumbList","@id":"https:\/\/castleresidencebalaton.hu\/foglalas\/#breadcrumb","itemListElement":[{"@type":"ListItem","position":1,"name":"Kezd\u0151lap","item":"https:\/\/castleresidencebalaton.hu\/"},{"@type":"ListItem","position":2,"name":"Foglal\u00e1s"}]},{"@type":"WebSite","@id":"https:\/\/castleresidencebalaton.hu\/#website","url":"https:\/\/castleresidencebalaton.hu\/","name":"Castle Residence Balaton","description":"Panzi\u00f3 b\u00e9rl\u00e9s a Balatonn\u00e1l","publisher":{"@id":"https:\/\/castleresidencebalaton.hu\/#organization"},"alternateName":"Balaton Panzi\u00f3 foglal\u00e1s","potentialAction":[{"@type":"SearchAction","target":{"@type":"EntryPoint","urlTemplate":"https:\/\/castleresidencebalaton.hu\/?s={search_term_string}"},"query-input":"required name=search_term_string"}],"inLanguage":"en-GB"},{"@type":"Organization","@id":"https:\/\/castleresidencebalaton.hu\/#organization","name":"Castle Residence Balaton","alternateName":"Balaton Panzi\u00f3 foglal\u00e1s","url":"https:\/\/castleresidencebalaton.hu\/","logo":{"@type":"ImageObject","inLanguage":"en-GB","@id":"https:\/\/castleresidencebalaton.hu\/#\/schema\/logo\/image\/","url":"https:\/\/castleresidencebalaton.hu\/wp-content\/uploads\/2022\/12\/castle-residence-balaton_mini.png","contentUrl":"https:\/\/castleresidencebalaton.hu\/wp-content\/uploads\/2022\/12\/castle-residence-balaton_mini.png","width":622,"height":623,"caption":"Castle Residence Balaton"},"image":{"@id":"https:\/\/castleresidencebalaton.hu\/#\/schema\/logo\/image\/"},"sameAs":["https:\/\/www.facebook.com\/profile.php?id=100070423646062","https:\/\/www.instagram.com\/castleresidence\/?fbclid=IwAR2G5-3yDXiDVrzB7iZ8N0Rer5fUnEH2ADBj0oMXb9jbCbsZ5h55nK2N6KI"]}]}},"_links":{"self":[{"href":"https:\/\/castleresidencebalaton.hu\/en\/wp-json\/wp\/v2\/pages\/1289"}],"collection":[{"href":"https:\/\/castleresidencebalaton.hu\/en\/wp-json\/wp\/v2\/pages"}],"about":[{"href":"https:\/\/castleresidencebalaton.hu\/en\/wp-json\/wp\/v2\/types\/page"}],"author":[{"embeddable":true,"href":"https:\/\/castleresidencebalaton.hu\/en\/wp-json\/wp\/v2\/users\/1"}],"replies":[{"embeddable":true,"href":"https:\/\/castleresidencebalaton.hu\/en\/wp-json\/wp\/v2\/comments?post=1289"}],"version-history":[{"count":136,"href":"https:\/\/castleresidencebalaton.hu\/en\/wp-json\/wp\/v2\/pages\/1289\/revisions"}],"predecessor-version":[{"id":1944,"href":"https:\/\/castleresidencebalaton.hu\/en\/wp-json\/wp\/v2\/pages\/1289\/revisions\/1944"}],"wp:featuredmedia":[{"embeddable":true,"href":"https:\/\/castleresidencebalaton.hu\/en\/wp-json\/wp\/v2\/media\/6"}],"wp:attachment":[{"href":"https:\/\/castleresidencebalaton.hu\/en\/wp-json\/wp\/v2\/media?parent=1289"}],"curies":[{"name":"wp","href":"https:\/\/api.w.org\/{rel}","templated":true}]}}