{"id":613,"date":"2023-01-05T14:43:59","date_gmt":"2023-01-05T13:43:59","guid":{"rendered":"https:\/\/castleresidencebalaton.hu\/?page_id=613"},"modified":"2023-01-27T13:15:22","modified_gmt":"2023-01-27T12:15:22","slug":"impresszum","status":"publish","type":"page","link":"https:\/\/castleresidencebalaton.hu\/de\/impresszum\/","title":{"rendered":"Impressum"},"content":{"rendered":"<div data-elementor-type=\"wp-page\" data-elementor-id=\"613\" class=\"elementor elementor-613\" data-elementor-post-type=\"page\">\n\t\t\t\t\t\t<section class=\"elementor-section elementor-top-section elementor-element elementor-element-d5214a3 elementor-section-full_width elementor-section-height-min-height elementor-section-height-default elementor-section-items-middle\" data-id=\"d5214a3\" data-element_type=\"section\" data-settings=\"{&quot;background_background&quot;:&quot;classic&quot;}\">\n\t\t\t\t\t\t<div class=\"elementor-container elementor-column-gap-default\">\n\t\t\t\t\t<div class=\"elementor-column elementor-col-100 elementor-top-column elementor-element elementor-element-b5868de\" data-id=\"b5868de\" data-element_type=\"column\">\n\t\t\t<div class=\"elementor-widget-wrap elementor-element-populated\">\n\t\t\t\t\t\t<div class=\"elementor-element elementor-element-e91549f elementor-widget elementor-widget-heading\" data-id=\"e91549f\" data-element_type=\"widget\" data-widget_type=\"heading.default\">\n\t\t\t\t<div class=\"elementor-widget-container\">\n\t\t\t<style>\/*! elementor - v3.19.0 - 29-01-2024 *\/\n.elementor-heading-title{padding:0;margin:0;line-height:1}.elementor-widget-heading .elementor-heading-title[class*=elementor-size-]>a{color:inherit;font-size:inherit;line-height:inherit}.elementor-widget-heading .elementor-heading-title.elementor-size-small{font-size:15px}.elementor-widget-heading .elementor-heading-title.elementor-size-medium{font-size:19px}.elementor-widget-heading .elementor-heading-title.elementor-size-large{font-size:29px}.elementor-widget-heading .elementor-heading-title.elementor-size-xl{font-size:39px}.elementor-widget-heading .elementor-heading-title.elementor-size-xxl{font-size:59px}<\/style><h2 class=\"elementor-heading-title elementor-size-default\">Impressum<\/h2>\t\t<\/div>\n\t\t\t\t<\/div>\n\t\t\t\t\t<\/div>\n\t\t<\/div>\n\t\t\t\t\t<\/div>\n\t\t<\/section>\n\t\t\t\t<section class=\"elementor-section elementor-top-section elementor-element elementor-element-e93fbac elementor-section-full_width elementor-section-height-default elementor-section-height-default\" data-id=\"e93fbac\" data-element_type=\"section\" data-settings=\"{&quot;background_background&quot;:&quot;classic&quot;}\">\n\t\t\t\t\t\t<div class=\"elementor-container elementor-column-gap-default\">\n\t\t\t\t\t<div class=\"elementor-column elementor-col-100 elementor-top-column elementor-element elementor-element-c6d49c2\" data-id=\"c6d49c2\" data-element_type=\"column\">\n\t\t\t<div class=\"elementor-widget-wrap elementor-element-populated\">\n\t\t\t\t\t\t<div class=\"elementor-element elementor-element-c2a87df elementor-widget elementor-widget-text-editor\" data-id=\"c2a87df\" data-element_type=\"widget\" data-widget_type=\"text-editor.default\">\n\t\t\t\t<div class=\"elementor-widget-container\">\n\t\t\t<style>\/*! elementor - v3.19.0 - 29-01-2024 *\/\n.elementor-widget-text-editor.elementor-drop-cap-view-stacked .elementor-drop-cap{background-color:#69727d;color:#fff}.elementor-widget-text-editor.elementor-drop-cap-view-framed .elementor-drop-cap{color:#69727d;border:3px solid;background-color:transparent}.elementor-widget-text-editor:not(.elementor-drop-cap-view-default) .elementor-drop-cap{margin-top:8px}.elementor-widget-text-editor:not(.elementor-drop-cap-view-default) .elementor-drop-cap-letter{width:1em;height:1em}.elementor-widget-text-editor .elementor-drop-cap{float:left;text-align:center;line-height:1;font-size:50px}.elementor-widget-text-editor .elementor-drop-cap-letter{display:inline-block}<\/style>\t\t\t\t<h3><strong>Operator<\/strong><\/h3><p><!-- \/wp:heading --><\/p><p><!-- wp:spacer {\"height\":\"39px\"} --><\/p><div class=\"wp-block-spacer\" style=\"height: 39px;\" aria-hidden=\"true\">\u00a0<\/div><p><!-- \/wp:spacer --><\/p><p><!-- wp:paragraph --><\/p><p>Die Website von Castle Residence Balaton (www.castleresidencebalaton.hu, im Folgenden: Website) wird von Radreifen2013 Kft. (1084 Budapest, N\u00e9met utca 21., E-Mail: hotelcastleresidence[kucac]gmail.com) betrieben.<\/p><p><!-- \/wp:paragraph --><\/p><p><!-- wp:spacer {\"height\":\"33px\"} --><\/p><div class=\"wp-block-spacer\" style=\"height: 33px;\" aria-hidden=\"true\">\u00a0<\/div><p><!-- \/wp:spacer --><\/p><p><!-- wp:paragraph --><\/p><h5><strong>Hosting-Anbieter<\/strong><\/h5><p><!-- \/wp:paragraph --><\/p><p><!-- wp:paragraph --><\/p><p>Servergarden Kft.<br \/>1139 Budapest, V\u00e1ci \u00fat 99-105<br \/>Telefon: +36 1 432 31 33<br \/>Email: info@servergarden.hu<\/p><p><!-- \/wp:paragraph --><\/p><p><!-- wp:spacer {\"height\":\"38px\"} --><\/p><div class=\"wp-block-spacer\" style=\"height: 38px;\" aria-hidden=\"true\">\u00a0<\/div><p><!-- \/wp:spacer --><\/p><p><!-- wp:paragraph --><\/p><h5><strong>Durch die Nutzung der Website akzeptiert der Besucher die folgenden Bedingungen:<\/strong><\/h5><p><!-- \/wp:paragraph --><\/p><p><!-- wp:paragraph --><\/p><p><u><b>Nutzung von Inhalten<\/b><\/u><\/p><p><!-- \/wp:paragraph --><\/p><p><!-- wp:paragraph --><\/p><p>Der gesamte Inhalt der Website castleresidencebalaton.hu oder ihre Einzelheiten, seien es Texte, Textteile, Textelemente, Grafiken oder grafische Elemente, unterliegen Artikel LXXVI von 1999 zum Urheberrecht. ist gesetzlich urheberrechtlich gesch\u00fctzt. Der Inhaber der Urheberrechte der ver\u00f6ffentlichten Inhalte ist - sofern im Inhalt nicht anders angegeben - der Eigent\u00fcmer von castleresidencebalaton.hu, Radreifen2013 Kft. (im Folgenden: Eigent\u00fcmer).<\/p><p><!-- \/wp:paragraph --><\/p><p><!-- wp:paragraph --><\/p><p><!-- \/wp:paragraph --><\/p><p><!-- wp:paragraph --><\/p><p><!-- \/wp:paragraph --><\/p><p><!-- wp:paragraph --><\/p><p>Die Nutzung, Vervielf\u00e4ltigung, Bearbeitung, Verbreitung, Vervielf\u00e4ltigung, Speicherung, Darstellung in einem \u00f6ffentlichen Forum der gesamten Website oder Teilen davon (Texte, Fotos usw.) in irgendeiner Weise ist dem Rechteinhaber untersagt, sofern er davon Kenntnis erlangt Die unbefugte Nutzung ist pro angefangenem Tag und pro verwendetem Gegenstand gegen Zahlung einer Nutzungsgeb\u00fchr in H\u00f6he von 15 000 HUF zul\u00e4ssig. Der Nutzer muss den Rechteinhaber schriftlich \u00fcber Absicht, Tatsache, Dauer, Art und Umfang der Nutzung informieren. Das Vers\u00e4umnis, sich schriftlich zu melden, befreit den Benutzer nicht von der Zahlung des oben genannten Betrags.<\/p><p><!-- \/wp:paragraph --><\/p><p><!-- wp:paragraph --><\/p><p><!-- \/wp:paragraph --><\/p><p><!-- wp:paragraph --><\/p><p><!-- \/wp:paragraph --><\/p><p><!-- wp:paragraph --><\/p><p>Bez\u00fcglich des Nutzungsentgelts stellt der Berechtigte w\u00e4hrend des Nutzungszeitraums jeweils am letzten Werktag eines Monats eine \u00dcberweisungsrechnung aus, die Frist ist der 8. Werktag nach Rechnungsstellung.<\/p><p><!-- \/wp:paragraph --><\/p><p><!-- wp:paragraph --><\/p><p><!-- \/wp:paragraph --><\/p><p><!-- wp:paragraph --><\/p><p><!-- \/wp:paragraph --><\/p><p><!-- wp:paragraph --><\/p><p>Stellt der Nutzer die genutzten Inhalte gegen Entgelt einem anderen zur Verf\u00fcgung, ist der Nutzer verpflichtet, den daraus resultierenden wirtschaftlichen Vorteil an den Rechteinhaber herauszugeben.<\/p><p><!-- \/wp:paragraph --><\/p><p><!-- wp:paragraph --><\/p><p><!-- \/wp:paragraph --><\/p><p><!-- wp:paragraph --><\/p><p><!-- \/wp:paragraph --><\/p><p><!-- wp:paragraph --><\/p><p>Abweichungen hiervon sind nur nach vorheriger schriftlicher Vereinbarung zwischen dem Rechteinhaber und dem Nutzer m\u00f6glich.<\/p><p><!-- \/wp:paragraph --><\/p><p><!-- wp:paragraph --><\/p><p>Die Nichteinhaltung dieser Nutzungsbedingungen hat f\u00fcr unbefugte Nutzer rechtliche Konsequenzen.<\/p><p><!-- \/wp:paragraph --><\/p><p><!-- wp:paragraph --><\/p><p>Der Rechteinhaber \u00fcbernimmt keine Verantwortung f\u00fcr Sch\u00e4den, die sich aus der Nutzung der Website, der Anwendung von Ideen und Vorschl\u00e4gen auf der Website ergeben, und jeder kann sie auf eigenes Risiko verwenden.<\/p><p><!-- \/wp:paragraph --><\/p><p><!-- wp:paragraph --><\/p><p><!-- \/wp:paragraph --><\/p><p><!-- wp:paragraph --><\/p><p><!-- \/wp:paragraph --><\/p><p><!-- wp:paragraph --><\/p><p>Inhalte, die \u00fcber externe Links auf der Website (Links zu anderen Adressen als castleresidencebalaton.hu) heruntergeladen werden, stehen nicht unter dem Einfluss des Website-Betreibers. Auf Verlangen des Berechtigten wird der Link vom Websitebetreiber gel\u00f6scht oder ge\u00e4ndert.<\/p><p><!-- \/wp:paragraph --><\/p><p><!-- wp:paragraph --><\/p><p><!-- \/wp:paragraph --><\/p><p><!-- wp:paragraph --><\/p><p><!-- \/wp:paragraph --><\/p><p><!-- wp:spacer {\"height\":\"50px\"} --><\/p>\t\t\t\t\t\t<\/div>\n\t\t\t\t<\/div>\n\t\t\t\t\t<\/div>\n\t\t<\/div>\n\t\t\t\t\t<\/div>\n\t\t<\/section>\n\t\t\t\t<\/div>","protected":false},"excerpt":{"rendered":"<p>Impresszum \u00dczemeltet\u0151 A Castle Residence Balaton weboldal\u00e1t (www.castleresidencebalaton.hu, a tov\u00e1bbiakban: weboldal) Radreifen2013 Kft. (1084 Budapest, N\u00e9met utca 21., email: hotelcastleresidence[kukac]gmail.com) &nbsp;m\u0171k\u00f6dteti. T\u00e1rhelyszolg\u00e1ltat\u00f3 Servergarden Kft. 1139 Budapest, V\u00e1ci \u00fat 99-105 Telefon: +36 1 432 31 33 Email: info@servergarden.hu A weboldal haszn\u00e1lat\u00e1val a l\u00e1togat\u00f3 elfogadja az al\u00e1bbi felt\u00e9teleket, tudnival\u00f3kat: Tartalom felhaszn\u00e1l\u00e1sa A castleresidencebalaton.hu honlapon tal\u00e1lhat\u00f3 teljes tartalom, [&hellip;]<\/p>","protected":false},"author":1,"featured_media":6,"parent":0,"menu_order":0,"comment_status":"closed","ping_status":"closed","template":"","meta":{"site-sidebar-layout":"no-sidebar","site-content-layout":"page-builder","ast-site-content-layout":"","site-content-style":"default","site-sidebar-style":"default","ast-global-header-display":"","ast-banner-title-visibility":"","ast-main-header-display":"","ast-hfb-above-header-display":"","ast-hfb-below-header-display":"","ast-hfb-mobile-header-display":"","site-post-title":"disabled","ast-breadcrumbs-content":"","ast-featured-img":"disabled","footer-sml-layout":"","theme-transparent-header-meta":"","adv-header-id-meta":"","stick-header-meta":"","header-above-stick-meta":"","header-main-stick-meta":"","header-below-stick-meta":"","astra-migrate-meta-layouts":"default","ast-page-background-enabled":"default","ast-page-background-meta":{"desktop":{"background-color":"","background-image":"","background-repeat":"repeat","background-position":"center center","background-size":"auto","background-attachment":"scroll","background-type":"","background-media":"","overlay-type":"","overlay-color":"","overlay-gradient":""},"tablet":{"background-color":"","background-image":"","background-repeat":"repeat","background-position":"center center","background-size":"auto","background-attachment":"scroll","background-type":"","background-media":"","overlay-type":"","overlay-color":"","overlay-gradient":""},"mobile":{"background-color":"","background-image":"","background-repeat":"repeat","background-position":"center center","background-size":"auto","background-attachment":"scroll","background-type":"","background-media":"","overlay-type":"","overlay-color":"","overlay-gradient":""}},"ast-content-background-meta":{"desktop":{"background-color":"var(--ast-global-color-5)","background-image":"","background-repeat":"repeat","background-position":"center center","background-size":"auto","background-attachment":"scroll","background-type":"","background-media":"","overlay-type":"","overlay-color":"","overlay-gradient":""},"tablet":{"background-color":"var(--ast-global-color-5)","background-image":"","background-repeat":"repeat","background-position":"center center","background-size":"auto","background-attachment":"scroll","background-type":"","background-media":"","overlay-type":"","overlay-color":"","overlay-gradient":""},"mobile":{"background-color":"var(--ast-global-color-5)","background-image":"","background-repeat":"repeat","background-position":"center center","background-size":"auto","background-attachment":"scroll","background-type":"","background-media":"","overlay-type":"","overlay-color":"","overlay-gradient":""}},"footnotes":""},"yoast_head":"<!-- This site is optimized with the Yoast SEO plugin v21.8.1 - https:\/\/yoast.com\/wordpress\/plugins\/seo\/ -->\n<title>Impresszum - Castle Residence Balaton<\/title>\n<meta name=\"description\" content=\"Castle Residence Balaton, foglald le te is a sz\u00e1ll\u00e1sodat Balatonf\u00f6ldv\u00e1ron nyugodt csal\u00e1dias k\u00f6rnyezetben pihenhetsz csal\u00e1doddal, bar\u00e1taiddal.\" \/>\n<meta name=\"robots\" content=\"index, follow, max-snippet:-1, max-image-preview:large, max-video-preview:-1\" \/>\n<link rel=\"canonical\" href=\"https:\/\/castleresidencebalaton.hu\/de\/impresszum\/\" \/>\n<meta property=\"og:locale\" content=\"de_DE\" \/>\n<meta property=\"og:type\" content=\"article\" \/>\n<meta property=\"og:title\" content=\"Impresszum CRB Panzi\u00f3\" \/>\n<meta property=\"og:description\" content=\"Castle Residence Balaton, foglald le te is a sz\u00e1ll\u00e1sodat Balatonf\u00f6ldv\u00e1ron nyugodt csal\u00e1dias k\u00f6rnyezetben pihenhetsz csal\u00e1doddal, bar\u00e1taiddal.\" \/>\n<meta property=\"og:url\" content=\"https:\/\/castleresidencebalaton.hu\/de\/impresszum\/\" \/>\n<meta property=\"og:site_name\" content=\"Castle Residence Balaton\" \/>\n<meta property=\"article:publisher\" content=\"https:\/\/www.facebook.com\/profile.php?id=100070423646062\" \/>\n<meta property=\"article:modified_time\" content=\"2023-01-27T12:15:22+00:00\" \/>\n<meta property=\"og:image\" content=\"https:\/\/castleresidencebalaton.hu\/wp-content\/uploads\/2022\/12\/castle-residence-balaton_mini.png\" \/>\n\t<meta property=\"og:image:width\" content=\"622\" \/>\n\t<meta property=\"og:image:height\" content=\"623\" \/>\n\t<meta property=\"og:image:type\" content=\"image\/png\" \/>\n<meta name=\"twitter:card\" content=\"summary_large_image\" \/>\n<meta name=\"twitter:label1\" content=\"Gesch\u00e4tzte Lesezeit\" \/>\n\t<meta name=\"twitter:data1\" content=\"2\u00a0Minuten\" \/>\n<script type=\"application\/ld+json\" class=\"yoast-schema-graph\">{\"@context\":\"https:\/\/schema.org\",\"@graph\":[{\"@type\":\"WebPage\",\"@id\":\"https:\/\/castleresidencebalaton.hu\/impresszum\/\",\"url\":\"https:\/\/castleresidencebalaton.hu\/impresszum\/\",\"name\":\"Impresszum - Castle Residence Balaton\",\"isPartOf\":{\"@id\":\"https:\/\/castleresidencebalaton.hu\/#website\"},\"datePublished\":\"2023-01-05T13:43:59+00:00\",\"dateModified\":\"2023-01-27T12:15:22+00:00\",\"description\":\"Castle Residence Balaton, foglald le te is a sz\u00e1ll\u00e1sodat Balatonf\u00f6ldv\u00e1ron nyugodt csal\u00e1dias k\u00f6rnyezetben pihenhetsz csal\u00e1doddal, bar\u00e1taiddal.\",\"breadcrumb\":{\"@id\":\"https:\/\/castleresidencebalaton.hu\/impresszum\/#breadcrumb\"},\"inLanguage\":\"de\",\"potentialAction\":[{\"@type\":\"ReadAction\",\"target\":[\"https:\/\/castleresidencebalaton.hu\/impresszum\/\"]}]},{\"@type\":\"BreadcrumbList\",\"@id\":\"https:\/\/castleresidencebalaton.hu\/impresszum\/#breadcrumb\",\"itemListElement\":[{\"@type\":\"ListItem\",\"position\":1,\"name\":\"Kezd\u0151lap\",\"item\":\"https:\/\/castleresidencebalaton.hu\/\"},{\"@type\":\"ListItem\",\"position\":2,\"name\":\"Impresszum\"}]},{\"@type\":\"WebSite\",\"@id\":\"https:\/\/castleresidencebalaton.hu\/#website\",\"url\":\"https:\/\/castleresidencebalaton.hu\/\",\"name\":\"Castle Residence Balaton\",\"description\":\"Panzi\u00f3 b\u00e9rl\u00e9s a Balatonn\u00e1l\",\"publisher\":{\"@id\":\"https:\/\/castleresidencebalaton.hu\/#organization\"},\"alternateName\":\"Balaton Panzi\u00f3 foglal\u00e1s\",\"potentialAction\":[{\"@type\":\"SearchAction\",\"target\":{\"@type\":\"EntryPoint\",\"urlTemplate\":\"https:\/\/castleresidencebalaton.hu\/?s={search_term_string}\"},\"query-input\":\"required name=search_term_string\"}],\"inLanguage\":\"de\"},{\"@type\":\"Organization\",\"@id\":\"https:\/\/castleresidencebalaton.hu\/#organization\",\"name\":\"Castle Residence Balaton\",\"alternateName\":\"Balaton Panzi\u00f3 foglal\u00e1s\",\"url\":\"https:\/\/castleresidencebalaton.hu\/\",\"logo\":{\"@type\":\"ImageObject\",\"inLanguage\":\"de\",\"@id\":\"https:\/\/castleresidencebalaton.hu\/#\/schema\/logo\/image\/\",\"url\":\"https:\/\/castleresidencebalaton.hu\/wp-content\/uploads\/2022\/12\/castle-residence-balaton_mini.png\",\"contentUrl\":\"https:\/\/castleresidencebalaton.hu\/wp-content\/uploads\/2022\/12\/castle-residence-balaton_mini.png\",\"width\":622,\"height\":623,\"caption\":\"Castle Residence Balaton\"},\"image\":{\"@id\":\"https:\/\/castleresidencebalaton.hu\/#\/schema\/logo\/image\/\"},\"sameAs\":[\"https:\/\/www.facebook.com\/profile.php?id=100070423646062\",\"https:\/\/www.instagram.com\/castleresidence\/?fbclid=IwAR2G5-3yDXiDVrzB7iZ8N0Rer5fUnEH2ADBj0oMXb9jbCbsZ5h55nK2N6KI\"]}]}<\/script>\n<!-- \/ Yoast SEO plugin. -->","yoast_head_json":{"title":"Impresszum - Castle Residence Balaton","description":"Castle Residence Balaton, foglald le te is a sz\u00e1ll\u00e1sodat Balatonf\u00f6ldv\u00e1ron nyugodt csal\u00e1dias k\u00f6rnyezetben pihenhetsz csal\u00e1doddal, bar\u00e1taiddal.","robots":{"index":"index","follow":"follow","max-snippet":"max-snippet:-1","max-image-preview":"max-image-preview:large","max-video-preview":"max-video-preview:-1"},"canonical":"https:\/\/castleresidencebalaton.hu\/de\/impresszum\/","og_locale":"de_DE","og_type":"article","og_title":"Impresszum CRB Panzi\u00f3","og_description":"Castle Residence Balaton, foglald le te is a sz\u00e1ll\u00e1sodat Balatonf\u00f6ldv\u00e1ron nyugodt csal\u00e1dias k\u00f6rnyezetben pihenhetsz csal\u00e1doddal, bar\u00e1taiddal.","og_url":"https:\/\/castleresidencebalaton.hu\/de\/impresszum\/","og_site_name":"Castle Residence Balaton","article_publisher":"https:\/\/www.facebook.com\/profile.php?id=100070423646062","article_modified_time":"2023-01-27T12:15:22+00:00","og_image":[{"width":622,"height":623,"url":"https:\/\/castleresidencebalaton.hu\/wp-content\/uploads\/2022\/12\/castle-residence-balaton_mini.png","type":"image\/png"}],"twitter_card":"summary_large_image","twitter_misc":{"Gesch\u00e4tzte Lesezeit":"2\u00a0Minuten"},"schema":{"@context":"https:\/\/schema.org","@graph":[{"@type":"WebPage","@id":"https:\/\/castleresidencebalaton.hu\/impresszum\/","url":"https:\/\/castleresidencebalaton.hu\/impresszum\/","name":"Impresszum - Castle Residence Balaton","isPartOf":{"@id":"https:\/\/castleresidencebalaton.hu\/#website"},"datePublished":"2023-01-05T13:43:59+00:00","dateModified":"2023-01-27T12:15:22+00:00","description":"Castle Residence Balaton, foglald le te is a sz\u00e1ll\u00e1sodat Balatonf\u00f6ldv\u00e1ron nyugodt csal\u00e1dias k\u00f6rnyezetben pihenhetsz csal\u00e1doddal, bar\u00e1taiddal.","breadcrumb":{"@id":"https:\/\/castleresidencebalaton.hu\/impresszum\/#breadcrumb"},"inLanguage":"de","potentialAction":[{"@type":"ReadAction","target":["https:\/\/castleresidencebalaton.hu\/impresszum\/"]}]},{"@type":"BreadcrumbList","@id":"https:\/\/castleresidencebalaton.hu\/impresszum\/#breadcrumb","itemListElement":[{"@type":"ListItem","position":1,"name":"Kezd\u0151lap","item":"https:\/\/castleresidencebalaton.hu\/"},{"@type":"ListItem","position":2,"name":"Impresszum"}]},{"@type":"WebSite","@id":"https:\/\/castleresidencebalaton.hu\/#website","url":"https:\/\/castleresidencebalaton.hu\/","name":"Castle Residence Balaton","description":"Panzi\u00f3 b\u00e9rl\u00e9s a Balatonn\u00e1l","publisher":{"@id":"https:\/\/castleresidencebalaton.hu\/#organization"},"alternateName":"Balaton Panzi\u00f3 foglal\u00e1s","potentialAction":[{"@type":"SearchAction","target":{"@type":"EntryPoint","urlTemplate":"https:\/\/castleresidencebalaton.hu\/?s={search_term_string}"},"query-input":"required name=search_term_string"}],"inLanguage":"de"},{"@type":"Organization","@id":"https:\/\/castleresidencebalaton.hu\/#organization","name":"Castle Residence Balaton","alternateName":"Balaton Panzi\u00f3 foglal\u00e1s","url":"https:\/\/castleresidencebalaton.hu\/","logo":{"@type":"ImageObject","inLanguage":"de","@id":"https:\/\/castleresidencebalaton.hu\/#\/schema\/logo\/image\/","url":"https:\/\/castleresidencebalaton.hu\/wp-content\/uploads\/2022\/12\/castle-residence-balaton_mini.png","contentUrl":"https:\/\/castleresidencebalaton.hu\/wp-content\/uploads\/2022\/12\/castle-residence-balaton_mini.png","width":622,"height":623,"caption":"Castle Residence Balaton"},"image":{"@id":"https:\/\/castleresidencebalaton.hu\/#\/schema\/logo\/image\/"},"sameAs":["https:\/\/www.facebook.com\/profile.php?id=100070423646062","https:\/\/www.instagram.com\/castleresidence\/?fbclid=IwAR2G5-3yDXiDVrzB7iZ8N0Rer5fUnEH2ADBj0oMXb9jbCbsZ5h55nK2N6KI"]}]}},"_links":{"self":[{"href":"https:\/\/castleresidencebalaton.hu\/de\/wp-json\/wp\/v2\/pages\/613"}],"collection":[{"href":"https:\/\/castleresidencebalaton.hu\/de\/wp-json\/wp\/v2\/pages"}],"about":[{"href":"https:\/\/castleresidencebalaton.hu\/de\/wp-json\/wp\/v2\/types\/page"}],"author":[{"embeddable":true,"href":"https:\/\/castleresidencebalaton.hu\/de\/wp-json\/wp\/v2\/users\/1"}],"replies":[{"embeddable":true,"href":"https:\/\/castleresidencebalaton.hu\/de\/wp-json\/wp\/v2\/comments?post=613"}],"version-history":[{"count":15,"href":"https:\/\/castleresidencebalaton.hu\/de\/wp-json\/wp\/v2\/pages\/613\/revisions"}],"predecessor-version":[{"id":1741,"href":"https:\/\/castleresidencebalaton.hu\/de\/wp-json\/wp\/v2\/pages\/613\/revisions\/1741"}],"wp:featuredmedia":[{"embeddable":true,"href":"https:\/\/castleresidencebalaton.hu\/de\/wp-json\/wp\/v2\/media\/6"}],"wp:attachment":[{"href":"https:\/\/castleresidencebalaton.hu\/de\/wp-json\/wp\/v2\/media?parent=613"}],"curies":[{"name":"wp","href":"https:\/\/api.w.org\/{rel}","templated":true}]}}